{"id":41305,"date":"2022-06-17T06:51:07","date_gmt":"2022-06-17T12:51:07","guid":{"rendered":"https:\/\/store-dev.absglobal.com\/ca\/?page_id=41305"},"modified":"2022-07-13T07:19:42","modified_gmt":"2022-07-13T13:19:42","slug":"buy-beef-in-focus-fr","status":"publish","type":"page","link":"https:\/\/store-dev.absglobal.com\/ca\/buy-beef-in-focus-fr\/","title":{"rendered":"B\u0153uf sur produits laitiers"},"content":{"rendered":"\n<div style=\"height:40px\" aria-hidden=\"true\" class=\"wp-block-spacer\"><\/div>\n\n\n\n<div id=\"hero-banner-block_61efbb852061a\" class=\"hero-banner\">\n\n\t\n\t\t<div class=\"row\">\n\n\t\t\t\n\t\t\t\t<div class=\"col-12 col-md-12 hero-banner__column \">\n\t\t\t\t\t<div class=\"hero-banner__item\" data-item=\"0\">\n\n\t\t\t\t\t\t\n\t\t\t\t\t\t<div class=\"hero-banner__content\">\n\t\t\t\t\t\t\t<div class=\"hero-banner__text-box\">\n\t\t\t\t\t\t\t\t<p class=\"hero-banner__title\">B\u0153uf sur produits laitiers<\/p>\n\n\t\t\t\t\t\t\t\t\n\t\t\t\t\t\t\t\t\t\t\t\t\t\t\t<\/div>\n\n\t\t\t\t\t\t\t\n\t\t\t\t\t\t\t\t\t\t\t\t\t<\/div>\n\n\t\t\t\t\t<\/div>\n\t\t\t\t<\/div>\n\n\t\t\t\t\n\t\t\t\n\t\t<\/div>\n\n\t\n\t<style type=\"text\/css\">\n\n\t\t\n\t\t\t#hero-banner-block_61efbb852061a [data-item=\"0\"] .hero-banner__title {\n\t\t\t\tfont-size: 20px;\t\t\t}\n\n\t\t\t@media (min-width: 768px) {\n\t\t\t\t#hero-banner-block_61efbb852061a [data-item=\"0\"] .hero-banner__title {\n\t\t\t\t\tfont-size: 25px;\t\t\t\t}\n\t\t\t}\n\n\t\t\t\t\t\t\t#hero-banner-block_61efbb852061a [data-item=\"0\"] {\n\t\t\t\t\t\t\t\t\t\t\tbackground-image: linear-gradient(180deg, rgba(0,0,0,0) 0, rgba(0,0,0,0) 40%, rgba(0,0,0,0.75) 100%), url(https:\/\/store-dev.absglobal.com\/ca\/wp-content\/uploads\/sites\/6\/2022\/07\/Beef-Certificates-Main-Banner1.png?w=980);\t\t\t\t\t\t\t\t\t}\n\t\t\t\n\t\t\t\n\t\t\n\t<\/style>\n<\/div>\n\n\n\n<div style=\"height:35px\" aria-hidden=\"true\" class=\"wp-block-spacer\"><\/div>\n\n\n\n<div id=\"section-intro-block_61f425ac77500\" class=\"section-intro section-intro--has-decoration\">\n\n\t\t\t<h2 class=\"section-intro__title\">Magasinez \u00e0 votre fa\u00e7on<\/h2>\n\t\n\t\t\t<p class=\"section-intro__subtitle\">Deux fa\u00e7ons de trouver le B\u0153uf sur produits laitiers adapt\u00e9 \u00e0 vos besoins\u200b<\/p>\n\t<\/div>\n\n\n\n<div style=\"height:40px\" aria-hidden=\"true\" class=\"wp-block-spacer\"><\/div>\n\n\n\n<div class=\"wp-block-columns mb-0 gap-8 is-layout-flex wp-container-core-columns-is-layout-1 wp-block-columns-is-layout-flex\">\n<div class=\"wp-block-column mx-0 is-layout-flow wp-block-column-is-layout-flow\">\n<div id=\"shop-your-way-block_61f90a8b3d521\" class=\"shop-your-way\">\n\t<h2 class=\"shop-your-way__title\">\n\t\t\t\t\t<span class=\"shop-your-way__title-number\">1<\/span>\n\t\t\n\t\t<span class=\"shop-your-way__title-text\">Trouver un taureau individuel<\/span>\n\t<\/h2>\n\n\t\n\n<div id=\"product-search-form-block_61f90abf3d522\" class=\"product-search-form w-lg-75\">\n\t\t\t\n<form role=\"search\"  method=\"get\" class=\"search-form\" action=\"https:\/\/store-dev.absglobal.com\/ca\/\">\n\t<div class=\"input-group\">\n\t\t<input type=\"search\" id=\"search-form-1\" class=\"form-control\" placeholder=\"Search\" value=\"\" name=\"s\" data-swplive=\"true\" data-swpengine=\"default\" data-swpconfig=\"default\" \/>\n\t\t<button type=\"submit\" class=\"btn btn-primary\" value=\"Search\">Search<\/button>\n\t<\/div>\n<input type='hidden' name='product_cat' value='983' \/><\/form>\n\t<\/div>\n\n\n\n\t<style type=\"text\/css\">\n\t\t#shop-your-way-block_61f90a8b3d521 {\n\t\t\tcolor: #ffffff;\n\t\t\tbackground-position-x: center;\n\t\t\tbackground-position-y: center;\n\t\t\tbackground-size: cover;\n\t\t\tbackground-repeat: no-repeat;\n        }\n\n\t\t\t\t\t#shop-your-way-block_61f90a8b3d521 {\n\t\t\t\tbackground-image: url(https:\/\/store-dev.absglobal.com\/ca\/wp-content\/uploads\/sites\/6\/2022\/07\/Find-a-bull_option31.png?w=980);\n\t\t\t}\n\t\t\t<\/style>\n<\/div>\n<\/div>\n\n\n\n<div class=\"wp-block-column mx-0 is-layout-flow wp-block-column-is-layout-flow\">\n<div id=\"bull-search-banner-block_61f283e8fc0c3\" class=\"bull-search-banner bull-search-banner--layout-compact\">\n\t<h2 class=\"bull-search-banner__title\">\n\t\t\t\t\t<span class=\"bull-search-banner__title-number\">2<\/span>\n\t\t\n\t\t<span class=\"bull-search-banner__title-text\">Bull Search<\/span>\n\t<\/h2>\n\n\t<div class=\"bull-search-banner__content-box\">\n\t\t<p class=\"bull-search-banner__description\">Utilisez Bull Search pour acheter des caract\u00e9ristiques sp\u00e9cifiques<\/p>\n\t\t<div class=\"bull-search-banner__links-wrapper\">\n\t\t\t<a href=\"http:\/\/bullsearch.absglobal.com\/?PrefBreedType=bod\" target=\"_blank\" class=\"bull-search-banner__link btn btn-primary\">Visitez Bull Search<\/a>\n\t\t\t\t\t<\/div>\n\t<\/div>\n\n    <style type=\"text\/css\">\n        #bull-search-banner-block_61f283e8fc0c3 {\n            color: #ffffff;\n\t\t\tbackground-color: #1d4f91;\n\t\t\tbackground-position: bottom right;\n\t\t\tbackground-size: contain;\n\t\t\tbackground-repeat: no-repeat;\n\t\t}\n\n\t\t\t\t\t\t@media (min-width: 1200px) {\n\t\t\t\t\t#bull-search-banner-block_61f283e8fc0c3 {\n\t\t\t\t\t\tbackground-image: url(https:\/\/store-dev.absglobal.com\/ca\/wp-content\/uploads\/sites\/6\/2022\/07\/bull-search-banner-bg1.png?w=980);\n\t\t\t\t\t}\n\t\t\t\t}\n\t\t    <\/style>\n<\/div>\n<\/div>\n<\/div>\n\n\n\n<div style=\"height:45px\" aria-hidden=\"true\" class=\"wp-block-spacer\"><\/div>\n\n\n\n<div id=\"section-intro-block_61f4277d77501\" class=\"section-intro section-intro--has-decoration\">\n\n\t\t\t<h2 class=\"section-intro__title\">Acheter tout le sperme Beef In Focus<\/h2>\n\t\n\t<\/div>\n\n\n\n<div style=\"height:40px\" aria-hidden=\"true\" class=\"wp-block-spacer\"><\/div>\n\n\n\n<div id=\"product-categories-block_61f7b87074105\" class=\"product-categories aligncenter\">\n\t<ul class=\"product-categories__list\">\n\n\t\t\t\t\t\t\t<li class=\"product-categories__list-item\">\n\t\t\t\t\t\t<a href=\"https:\/\/store-dev.absglobal.com\/ca\/product-category\/boucherie-sur-laitier-sperme\/hereford-boucherie-sur-laitier-sperme-a-vendre\/\" class=\"btn btn-primary btn-rounded\">\n\t\t\t\t\t\t\tHereford\t\t\t\t\t\t<\/a>\n\t\t\t\t\t<\/li>\n\t\t\t\t\t\t\t\t\t<li class=\"product-categories__list-item\">\n\t\t\t\t\t\t<a href=\"https:\/\/store-dev.absglobal.com\/ca\/product-category\/boucherie-sur-laitier-sperme\/limousin-boucherie-sur-laitier-sperme-a-vendre\/\" class=\"btn btn-primary btn-rounded\">\n\t\t\t\t\t\t\tLimousin\t\t\t\t\t\t<\/a>\n\t\t\t\t\t<\/li>\n\t\t\t\t\t\t\t\t\t<li class=\"product-categories__list-item\">\n\t\t\t\t\t\t<a href=\"https:\/\/store-dev.absglobal.com\/ca\/product-category\/boucherie-sur-laitier-sperme\/nu-era-xb-sperme-a-vendre\/\" class=\"btn btn-primary btn-rounded\">\n\t\t\t\t\t\t\tNuEra XB\t\t\t\t\t\t<\/a>\n\t\t\t\t\t<\/li>\n\t\t\t\t\n\t<\/ul>\n<\/div>\n\n\n\n<div style=\"height:65px\" aria-hidden=\"true\" class=\"wp-block-spacer\"><\/div>\n","protected":false},"excerpt":{"rendered":"","protected":false},"author":6,"featured_media":0,"parent":0,"menu_order":0,"comment_status":"closed","ping_status":"closed","template":"template-no-page-header-and-breadcrumbs.php","meta":{"_acf_changed":false,"content-type":"","inline_featured_image":false,"_editorskit_title_hidden":false,"_editorskit_reading_time":1,"_editorskit_is_block_options_detached":false,"_editorskit_block_options_position":"{}","footnotes":""},"class_list":["post-41305","page","type-page","status-publish"],"acf":[],"yoast_head":"<!-- This site is optimized with the Yoast SEO plugin v25.3 - https:\/\/yoast.com\/wordpress\/plugins\/seo\/ -->\n<title>B\u0153uf sur produits laitiers - ABS Global Store Canada<\/title>\n<meta name=\"robots\" content=\"index, follow, max-snippet:-1, max-image-preview:large, max-video-preview:-1\" \/>\n<link rel=\"canonical\" href=\"https:\/\/store-dev.absglobal.com\/ca\/buy-beef-in-focus-fr\/\" \/>\n<meta property=\"og:locale\" content=\"en_US\" \/>\n<meta property=\"og:type\" content=\"article\" \/>\n<meta property=\"og:title\" content=\"B\u0153uf sur produits laitiers - ABS Global Store Canada\" \/>\n<meta property=\"og:url\" content=\"https:\/\/store-dev.absglobal.com\/ca\/buy-beef-in-focus-fr\/\" \/>\n<meta property=\"og:site_name\" content=\"ABS Global Store Canada\" \/>\n<meta property=\"article:modified_time\" content=\"2022-07-13T13:19:42+00:00\" \/>\n<meta name=\"twitter:card\" content=\"summary_large_image\" \/>\n<script type=\"application\/ld+json\" class=\"yoast-schema-graph\">{\"@context\":\"https:\/\/schema.org\",\"@graph\":[{\"@type\":\"WebPage\",\"@id\":\"https:\/\/store-dev.absglobal.com\/ca\/buy-beef-in-focus-fr\/\",\"url\":\"https:\/\/store-dev.absglobal.com\/ca\/buy-beef-in-focus-fr\/\",\"name\":\"B\u0153uf sur produits laitiers - ABS Global Store Canada\",\"isPartOf\":{\"@id\":\"https:\/\/store-dev.absglobal.com\/ca\/#website\"},\"datePublished\":\"2022-06-17T12:51:07+00:00\",\"dateModified\":\"2022-07-13T13:19:42+00:00\",\"breadcrumb\":{\"@id\":\"https:\/\/store-dev.absglobal.com\/ca\/buy-beef-in-focus-fr\/#breadcrumb\"},\"inLanguage\":\"en-US\",\"potentialAction\":[{\"@type\":\"ReadAction\",\"target\":[\"https:\/\/store-dev.absglobal.com\/ca\/buy-beef-in-focus-fr\/\"]}]},{\"@type\":\"BreadcrumbList\",\"@id\":\"https:\/\/store-dev.absglobal.com\/ca\/buy-beef-in-focus-fr\/#breadcrumb\",\"itemListElement\":[{\"@type\":\"ListItem\",\"position\":1,\"name\":\"Home\",\"item\":\"https:\/\/store-dev.absglobal.com\/ca\/\"},{\"@type\":\"ListItem\",\"position\":2,\"name\":\"B\u0153uf sur produits laitiers\"}]},{\"@type\":\"WebSite\",\"@id\":\"https:\/\/store-dev.absglobal.com\/ca\/#website\",\"url\":\"https:\/\/store-dev.absglobal.com\/ca\/\",\"name\":\"ABS Global Store Canada\",\"description\":\"ABS Global Canada\",\"potentialAction\":[{\"@type\":\"SearchAction\",\"target\":{\"@type\":\"EntryPoint\",\"urlTemplate\":\"https:\/\/store-dev.absglobal.com\/ca\/?s={search_term_string}\"},\"query-input\":{\"@type\":\"PropertyValueSpecification\",\"valueRequired\":true,\"valueName\":\"search_term_string\"}}],\"inLanguage\":\"en-US\"}]}<\/script>\n<!-- \/ Yoast SEO plugin. -->","yoast_head_json":{"title":"B\u0153uf sur produits laitiers - ABS Global Store Canada","robots":{"index":"index","follow":"follow","max-snippet":"max-snippet:-1","max-image-preview":"max-image-preview:large","max-video-preview":"max-video-preview:-1"},"canonical":"https:\/\/store-dev.absglobal.com\/ca\/buy-beef-in-focus-fr\/","og_locale":"en_US","og_type":"article","og_title":"B\u0153uf sur produits laitiers - ABS Global Store Canada","og_url":"https:\/\/store-dev.absglobal.com\/ca\/buy-beef-in-focus-fr\/","og_site_name":"ABS Global Store Canada","article_modified_time":"2022-07-13T13:19:42+00:00","twitter_card":"summary_large_image","schema":{"@context":"https:\/\/schema.org","@graph":[{"@type":"WebPage","@id":"https:\/\/store-dev.absglobal.com\/ca\/buy-beef-in-focus-fr\/","url":"https:\/\/store-dev.absglobal.com\/ca\/buy-beef-in-focus-fr\/","name":"B\u0153uf sur produits laitiers - ABS Global Store Canada","isPartOf":{"@id":"https:\/\/store-dev.absglobal.com\/ca\/#website"},"datePublished":"2022-06-17T12:51:07+00:00","dateModified":"2022-07-13T13:19:42+00:00","breadcrumb":{"@id":"https:\/\/store-dev.absglobal.com\/ca\/buy-beef-in-focus-fr\/#breadcrumb"},"inLanguage":"en-US","potentialAction":[{"@type":"ReadAction","target":["https:\/\/store-dev.absglobal.com\/ca\/buy-beef-in-focus-fr\/"]}]},{"@type":"BreadcrumbList","@id":"https:\/\/store-dev.absglobal.com\/ca\/buy-beef-in-focus-fr\/#breadcrumb","itemListElement":[{"@type":"ListItem","position":1,"name":"Home","item":"https:\/\/store-dev.absglobal.com\/ca\/"},{"@type":"ListItem","position":2,"name":"B\u0153uf sur produits laitiers"}]},{"@type":"WebSite","@id":"https:\/\/store-dev.absglobal.com\/ca\/#website","url":"https:\/\/store-dev.absglobal.com\/ca\/","name":"ABS Global Store Canada","description":"ABS Global Canada","potentialAction":[{"@type":"SearchAction","target":{"@type":"EntryPoint","urlTemplate":"https:\/\/store-dev.absglobal.com\/ca\/?s={search_term_string}"},"query-input":{"@type":"PropertyValueSpecification","valueRequired":true,"valueName":"search_term_string"}}],"inLanguage":"en-US"}]}},"lang":"fr","translations":{"fr":41305,"en":41254},"jetpack_sharing_enabled":true,"pll_sync_post":[],"_links":{"self":[{"href":"https:\/\/store-dev.absglobal.com\/ca\/wp-json\/wp\/v2\/pages\/41305"}],"collection":[{"href":"https:\/\/store-dev.absglobal.com\/ca\/wp-json\/wp\/v2\/pages"}],"about":[{"href":"https:\/\/store-dev.absglobal.com\/ca\/wp-json\/wp\/v2\/types\/page"}],"author":[{"embeddable":true,"href":"https:\/\/store-dev.absglobal.com\/ca\/wp-json\/wp\/v2\/users\/6"}],"replies":[{"embeddable":true,"href":"https:\/\/store-dev.absglobal.com\/ca\/wp-json\/wp\/v2\/comments?post=41305"}],"version-history":[{"count":16,"href":"https:\/\/store-dev.absglobal.com\/ca\/wp-json\/wp\/v2\/pages\/41305\/revisions"}],"predecessor-version":[{"id":46151,"href":"https:\/\/store-dev.absglobal.com\/ca\/wp-json\/wp\/v2\/pages\/41305\/revisions\/46151"}],"wp:attachment":[{"href":"https:\/\/store-dev.absglobal.com\/ca\/wp-json\/wp\/v2\/media?parent=41305"}],"curies":[{"name":"wp","href":"https:\/\/api.w.org\/{rel}","templated":true}]}}