{"id":41239,"date":"2022-06-13T07:36:54","date_gmt":"2022-06-13T13:36:54","guid":{"rendered":"https:\/\/store-dev.absglobal.com\/ca\/?page_id=41239"},"modified":"2023-10-29T04:57:32","modified_gmt":"2023-10-29T10:57:32","slug":"page-daccueil","status":"publish","type":"page","link":"https:\/\/store-dev.absglobal.com\/ca\/page-daccueil\/","title":{"rendered":"Bienvenue"},"content":{"rendered":"\n<div style=\"height:40px\" aria-hidden=\"true\" class=\"wp-block-spacer\"><\/div>\n\n\n\n<div style=\"height:40px\" aria-hidden=\"true\" class=\"wp-block-spacer\"><\/div>\n\n\n\n<div id=\"hero-banner-block_35babb37145a07314b095a4bdaae736b\" class=\"hero-banner\">\n\n\t\n\t\t<div class=\"row\">\n\n\t\t\t\n\t\t\t\t<div class=\"col-12 col-md-4 hero-banner__column \">\n\t\t\t\t\t<div class=\"hero-banner__item\" data-item=\"0\">\n\n\t\t\t\t\t\t\n\t\t\t\t\t\t<div class=\"hero-banner__content\">\n\t\t\t\t\t\t\t<div class=\"hero-banner__text-box\">\n\t\t\t\t\t\t\t\t<p class=\"hero-banner__title\">Semence laiti\u00e8re<\/p>\n\n\t\t\t\t\t\t\t\t\n\t\t\t\t\t\t\t\t\t\t\t\t\t\t\t<\/div>\n\n\t\t\t\t\t\t\t\t\t\t\t\t\t\t\t<a href=\"\/ca\/dairy-semen-fr\/\" target=\"_self\" data-mdb-ripple-duration=\"0ms\" class=\"btn btn-primary stretched-link hero-banner__btn\">Achetez maintenant<\/a>\n\t\t\t\t\t\t\t\n\t\t\t\t\t\t\t\t\t\t\t\t\t<\/div>\n\n\t\t\t\t\t<\/div>\n\t\t\t\t<\/div>\n\n\t\t\t\t\n\t\t\t\n\t\t\t\t<div class=\"col-12 col-md-4 hero-banner__column \">\n\t\t\t\t\t<div class=\"hero-banner__item\" data-item=\"1\">\n\n\t\t\t\t\t\t\t\t\t\t\t\t\t<img decoding=\"async\" width=\"300\" height=\"98\" src=\"https:\/\/store-dev.absglobal.com\/ca\/wp-content\/uploads\/sites\/6\/2022\/06\/RS8748_InFocus_Logo_TM-scr.jpg?w=300\" class=\"hero-banner__logo\" alt=\"\" srcset=\"https:\/\/store-dev.absglobal.com\/ca\/wp-content\/uploads\/sites\/6\/2022\/06\/RS8748_InFocus_Logo_TM-scr.jpg 500w, https:\/\/store-dev.absglobal.com\/ca\/wp-content\/uploads\/sites\/6\/2022\/06\/RS8748_InFocus_Logo_TM-scr.jpg?resize=300,98 300w, https:\/\/store-dev.absglobal.com\/ca\/wp-content\/uploads\/sites\/6\/2022\/06\/RS8748_InFocus_Logo_TM-scr.jpg?resize=416,136 416w\" sizes=\"(max-width: 300px) 100vw, 300px\" \/>\t\t\t\t\t\t\n\t\t\t\t\t\t<div class=\"hero-banner__content\">\n\t\t\t\t\t\t\t<div class=\"hero-banner__text-box\">\n\t\t\t\t\t\t\t\t<p class=\"hero-banner__title\">Boucherie sur laitier<\/p>\n\n\t\t\t\t\t\t\t\t\n\t\t\t\t\t\t\t\t\t\t\t\t\t\t\t<\/div>\n\n\t\t\t\t\t\t\t\t\t\t\t\t\t\t\t<a href=\"\/ca\/beef-in-focus-fr\/\" target=\"_self\" data-mdb-ripple-duration=\"0ms\" class=\"btn btn-primary stretched-link hero-banner__btn\">Achetez maintenant<\/a>\n\t\t\t\t\t\t\t\n\t\t\t\t\t\t\t\t\t\t\t\t\t<\/div>\n\n\t\t\t\t\t<\/div>\n\t\t\t\t<\/div>\n\n\t\t\t\t\n\t\t\t\n\t\t\t\t<div class=\"col-12 col-md-4 hero-banner__column \">\n\t\t\t\t\t<div class=\"hero-banner__item\" data-item=\"2\">\n\n\t\t\t\t\t\t\n\t\t\t\t\t\t<div class=\"hero-banner__content\">\n\t\t\t\t\t\t\t<div class=\"hero-banner__text-box\">\n\t\t\t\t\t\t\t\t<p class=\"hero-banner__title\">Semence de boucherie<\/p>\n\n\t\t\t\t\t\t\t\t\n\t\t\t\t\t\t\t\t\t\t\t\t\t\t\t<\/div>\n\n\t\t\t\t\t\t\t\t\t\t\t\t\t\t\t<a href=\"\/ca\/beef-semen-fr\/\" target=\"_self\" data-mdb-ripple-duration=\"0ms\" class=\"btn btn-primary stretched-link hero-banner__btn\">Achetez maintenant<\/a>\n\t\t\t\t\t\t\t\n\t\t\t\t\t\t\t\t\t\t\t\t\t<\/div>\n\n\t\t\t\t\t<\/div>\n\t\t\t\t<\/div>\n\n\t\t\t\t\n\t\t\t\n\t\t<\/div>\n\n\t\n\t<style type=\"text\/css\">\n\n\t\t\n\t\t\t#hero-banner-block_35babb37145a07314b095a4bdaae736b [data-item=\"0\"] .hero-banner__title {\n\t\t\t\tfont-size: 20px;\t\t\t}\n\n\t\t\t@media (min-width: 768px) {\n\t\t\t\t#hero-banner-block_35babb37145a07314b095a4bdaae736b [data-item=\"0\"] .hero-banner__title {\n\t\t\t\t\tfont-size: 25px;\t\t\t\t}\n\t\t\t}\n\n\t\t\t\t\t\t\t#hero-banner-block_35babb37145a07314b095a4bdaae736b [data-item=\"0\"] {\n\t\t\t\t\t\t\t\t\t\t\tbackground-image: linear-gradient(180deg, rgba(0,0,0,0) 0, rgba(0,0,0,0) 40%, rgba(0,0,0,0.75) 100%), url(https:\/\/store-dev.absglobal.com\/ca\/wp-content\/uploads\/sites\/6\/2022\/06\/Buxton_StarRockGroup-11.webp?w=980);\t\t\t\t\t\t\t\t\t}\n\t\t\t\n\t\t\t\n\t\t\n\t\t\t#hero-banner-block_35babb37145a07314b095a4bdaae736b [data-item=\"1\"] .hero-banner__title {\n\t\t\t\tfont-size: 20px;\t\t\t}\n\n\t\t\t@media (min-width: 768px) {\n\t\t\t\t#hero-banner-block_35babb37145a07314b095a4bdaae736b [data-item=\"1\"] .hero-banner__title {\n\t\t\t\t\tfont-size: 25px;\t\t\t\t}\n\t\t\t}\n\n\t\t\t\t\t\t\t#hero-banner-block_35babb37145a07314b095a4bdaae736b [data-item=\"1\"] {\n\t\t\t\t\t\t\t\t\t\t\tbackground-image: linear-gradient(180deg, rgba(0,0,0,0) 0, rgba(0,0,0,0) 40%, rgba(0,0,0,0.75) 100%), url(https:\/\/store-dev.absglobal.com\/ca\/wp-content\/uploads\/sites\/6\/2022\/06\/RS9377_8C7A9429_IF-TAG.jpg?w=683);\t\t\t\t\t\t\t\t\t}\n\t\t\t\n\t\t\t\n\t\t\n\t\t\t#hero-banner-block_35babb37145a07314b095a4bdaae736b [data-item=\"2\"] .hero-banner__title {\n\t\t\t\tfont-size: 20px;\t\t\t}\n\n\t\t\t@media (min-width: 768px) {\n\t\t\t\t#hero-banner-block_35babb37145a07314b095a4bdaae736b [data-item=\"2\"] .hero-banner__title {\n\t\t\t\t\tfont-size: 25px;\t\t\t\t}\n\t\t\t}\n\n\t\t\t\t\t\t\t#hero-banner-block_35babb37145a07314b095a4bdaae736b [data-item=\"2\"] {\n\t\t\t\t\t\t\t\t\t\t\tbackground-image: linear-gradient(180deg, rgba(0,0,0,0) 0, rgba(0,0,0,0) 40%, rgba(0,0,0,0.75) 100%), url(https:\/\/store-dev.absglobal.com\/ca\/wp-content\/uploads\/sites\/6\/2022\/06\/Homepage-Beef-Images-Semen1.webp?w=980);\t\t\t\t\t\t\t\t\t}\n\t\t\t\n\t\t\t\n\t\t\n\t<\/style>\n<\/div>\n\n\n\n<div style=\"height:30px\" aria-hidden=\"true\" class=\"wp-block-spacer\"><\/div>\n\n\n\n<div id=\"bull-search-banner-block_f72ee33c03d2755b212b417d2bf40148\" class=\"bull-search-banner bull-search-banner--layout-default\">\n\t<h2 class=\"bull-search-banner__title\">\n\t\t\n\t\t<span class=\"bull-search-banner__title-text\">Bull Search<\/span>\n\t<\/h2>\n\n\t<div class=\"bull-search-banner__content-box\">\n\t\t<p class=\"bull-search-banner__description\">Vous recherchez des traits sp\u00e9cifiques? Utilisez notre outil complet de recherche de taureaux pour trouver le taureau exact qui vous int\u00e9resse.<\/p>\n\t\t<div class=\"bull-search-banner__links-wrapper\">\n\t\t\t<a href=\"https:\/\/bullsearch.absglobal.com\/\" target=\"_blank\" class=\"bull-search-banner__link btn btn-primary\">Visitez Bull Search<\/a>\n\t\t\t\t\t<\/div>\n\t<\/div>\n\n    <style type=\"text\/css\">\n        #bull-search-banner-block_f72ee33c03d2755b212b417d2bf40148 {\n            color: #ffffff;\n\t\t\tbackground-color: #021631;\n\t\t\tbackground-position: bottom right;\n\t\t\tbackground-size: contain;\n\t\t\tbackground-repeat: no-repeat;\n\t\t}\n\n\t\t\t\t\t\t@media (min-width: 1200px) {\n\t\t\t\t\t#bull-search-banner-block_f72ee33c03d2755b212b417d2bf40148 {\n\t\t\t\t\t\tbackground-image: url(https:\/\/store-dev.absglobal.com\/ca\/wp-content\/uploads\/sites\/6\/2022\/07\/MicrosoftTeams-image-6.png?w=980);\n\t\t\t\t\t}\n\t\t\t\t}\n\t\t    <\/style>\n<\/div>\n\n\n\n<div style=\"height:30px\" aria-hidden=\"true\" class=\"wp-block-spacer\"><\/div>\n\n\n\n<div id=\"features-block_4ff090d17694aa091767d392ee93641a\" class=\"features\">\n\n\t\t\t<h2 class=\"features__title\">Profit par le progr\u00e8s g\u00e9n\u00e9tique<\/h2>\n\t\n\t\t\t<div class=\"features__items-wrapper\">\n\t\t\t\n\t\t\t\t\n\t\t\t\t\t<div class=\"features__item\">\n\t\t\t\t\t\t<img decoding=\"async\" width=\"42\" height=\"45\" src=\"https:\/\/store-dev.absglobal.com\/ca\/wp-content\/uploads\/sites\/6\/2022\/07\/icon-cup1.svg?w=42\" class=\"features__item-img\" alt=\"\" \/>\n\t\t\t\t\t\t\t\t\t\t\t\t\t<p class=\"features__item-text\">80 ans d&#039;histoire | 70 pays dans le monde | Fort de 40 000 clients<\/p>\n\t\t\t\t\t\t\t\t\t\t\t<\/div>\n\n\t\t\t\t\n\t\t\t\n\t\t\t\t\t\t\t\t\t<a href=\"https:\/\/www-dev.absglobal.com\/make-matings-with-intent\/\" target=\"_blank\" class=\"features__item-link\">\n\t\t\t\t\n\t\t\t\t\t<div class=\"features__item\">\n\t\t\t\t\t\t<img decoding=\"async\" width=\"300\" height=\"141\" src=\"https:\/\/store-dev.absglobal.com\/ca\/wp-content\/uploads\/sites\/6\/2022\/07\/RS7614_Sexcel_cmyk1.png?w=300\" class=\"features__item-img\" alt=\"\" srcset=\"https:\/\/store-dev.absglobal.com\/ca\/wp-content\/uploads\/sites\/6\/2022\/07\/RS7614_Sexcel_cmyk1.png 1426w, https:\/\/store-dev.absglobal.com\/ca\/wp-content\/uploads\/sites\/6\/2022\/07\/RS7614_Sexcel_cmyk1.png?resize=300,141 300w, https:\/\/store-dev.absglobal.com\/ca\/wp-content\/uploads\/sites\/6\/2022\/07\/RS7614_Sexcel_cmyk1.png?resize=768,361 768w, https:\/\/store-dev.absglobal.com\/ca\/wp-content\/uploads\/sites\/6\/2022\/07\/RS7614_Sexcel_cmyk1.png?resize=1024,481 1024w, https:\/\/store-dev.absglobal.com\/ca\/wp-content\/uploads\/sites\/6\/2022\/07\/RS7614_Sexcel_cmyk1.png?resize=416,195 416w\" sizes=\"(max-width: 300px) 100vw, 300px\" \/>\n\t\t\t\t\t\t\t\t\t\t\t\t\t<p class=\"features__item-text\">Utilisez notre technologie exclusive de semence sex\u00e9e\r\n<\/p>\n\t\t\t\t\t\t\t\t\t\t\t<\/div>\n\n\t\t\t\t\t\t\t\t\t<\/a>\n\t\t\t\t\n\t\t\t\n\t\t\t\t\n\t\t\t\t\t<div class=\"features__item\">\n\t\t\t\t\t\t<img loading=\"lazy\" decoding=\"async\" width=\"27\" height=\"46\" src=\"https:\/\/store-dev.absglobal.com\/ca\/wp-content\/uploads\/sites\/6\/2022\/07\/icon-genetics1.svg?w=27\" class=\"features__item-img\" alt=\"\" \/>\n\t\t\t\t\t\t\t\t\t\t\t\t\t<p class=\"features__item-text\">\u00c0 la t\u00eate de la g\u00e9n\u00e9tique animale et de la technologie depuis sa fondation en 1941<\/p>\n\t\t\t\t\t\t\t\t\t\t\t<\/div>\n\n\t\t\t\t\n\t\t\t\t\t<\/div>\n\t\n    <style type=\"text\/css\">\n        #features-block_4ff090d17694aa091767d392ee93641a .features__title {\n\t\t\tcolor: #1d4f91;\n        }\n    <\/style>\n<\/div>\n","protected":false},"excerpt":{"rendered":"","protected":false},"author":6,"featured_media":0,"parent":0,"menu_order":0,"comment_status":"closed","ping_status":"closed","template":"template-homepage.php","meta":{"_acf_changed":false,"content-type":"","inline_featured_image":false,"_editorskit_title_hidden":false,"_editorskit_reading_time":1,"_editorskit_is_block_options_detached":false,"_editorskit_block_options_position":"{}","footnotes":""},"class_list":["post-41239","page","type-page","status-publish"],"acf":[],"yoast_head":"<!-- This site is optimized with the Yoast SEO plugin v25.3 - https:\/\/yoast.com\/wordpress\/plugins\/seo\/ -->\n<title>Acheter de la semence de taureau - Catalogue de recherche de taureaux | ABS Global Canada<\/title>\n<meta name=\"description\" content=\"Acheter du sperme de boeuf, du sperme de lait. Angus, Brangus, Charolais, Hereford, Gelbvieh, Red Angus, Simmental, Club Calf, Ayrshire, Brown Swiss, Guernesey\" \/>\n<meta name=\"robots\" content=\"index, follow, max-snippet:-1, max-image-preview:large, max-video-preview:-1\" \/>\n<link rel=\"canonical\" href=\"https:\/\/store-dev.absglobal.com\/ca\/page-daccueil\/\" \/>\n<meta property=\"og:locale\" content=\"en_US\" \/>\n<meta property=\"og:type\" content=\"article\" \/>\n<meta property=\"og:title\" content=\"Acheter de la semence de taureau - Catalogue de recherche de taureaux | ABS Global Canada\" \/>\n<meta property=\"og:description\" content=\"Acheter du sperme de boeuf, du sperme de lait. Angus, Brangus, Charolais, Hereford, Gelbvieh, Red Angus, Simmental, Club Calf, Ayrshire, Brown Swiss, Guernesey\" \/>\n<meta property=\"og:url\" content=\"https:\/\/store-dev.absglobal.com\/ca\/page-daccueil\/\" \/>\n<meta property=\"og:site_name\" content=\"ABS Global Store Canada\" \/>\n<meta property=\"article:modified_time\" content=\"2023-10-29T10:57:32+00:00\" \/>\n<meta name=\"twitter:card\" content=\"summary_large_image\" \/>\n<script type=\"application\/ld+json\" class=\"yoast-schema-graph\">{\"@context\":\"https:\/\/schema.org\",\"@graph\":[{\"@type\":\"WebPage\",\"@id\":\"https:\/\/store-dev.absglobal.com\/ca\/page-daccueil\/\",\"url\":\"https:\/\/store-dev.absglobal.com\/ca\/page-daccueil\/\",\"name\":\"Acheter de la semence de taureau - Catalogue de recherche de taureaux | ABS Global Canada\",\"isPartOf\":{\"@id\":\"https:\/\/store-dev.absglobal.com\/ca\/#website\"},\"datePublished\":\"2022-06-13T13:36:54+00:00\",\"dateModified\":\"2023-10-29T10:57:32+00:00\",\"description\":\"Acheter du sperme de boeuf, du sperme de lait. Angus, Brangus, Charolais, Hereford, Gelbvieh, Red Angus, Simmental, Club Calf, Ayrshire, Brown Swiss, Guernesey\",\"breadcrumb\":{\"@id\":\"https:\/\/store-dev.absglobal.com\/ca\/page-daccueil\/#breadcrumb\"},\"inLanguage\":\"en-US\",\"potentialAction\":[{\"@type\":\"ReadAction\",\"target\":[\"https:\/\/store-dev.absglobal.com\/ca\/page-daccueil\/\"]}]},{\"@type\":\"BreadcrumbList\",\"@id\":\"https:\/\/store-dev.absglobal.com\/ca\/page-daccueil\/#breadcrumb\",\"itemListElement\":[{\"@type\":\"ListItem\",\"position\":1,\"name\":\"Home\",\"item\":\"https:\/\/store-dev.absglobal.com\/ca\/\"},{\"@type\":\"ListItem\",\"position\":2,\"name\":\"Bienvenue\"}]},{\"@type\":\"WebSite\",\"@id\":\"https:\/\/store-dev.absglobal.com\/ca\/#website\",\"url\":\"https:\/\/store-dev.absglobal.com\/ca\/\",\"name\":\"ABS Global Store Canada\",\"description\":\"ABS Global Canada\",\"potentialAction\":[{\"@type\":\"SearchAction\",\"target\":{\"@type\":\"EntryPoint\",\"urlTemplate\":\"https:\/\/store-dev.absglobal.com\/ca\/?s={search_term_string}\"},\"query-input\":{\"@type\":\"PropertyValueSpecification\",\"valueRequired\":true,\"valueName\":\"search_term_string\"}}],\"inLanguage\":\"en-US\"}]}<\/script>\n<!-- \/ Yoast SEO plugin. -->","yoast_head_json":{"title":"Acheter de la semence de taureau - Catalogue de recherche de taureaux | ABS Global Canada","description":"Acheter du sperme de boeuf, du sperme de lait. Angus, Brangus, Charolais, Hereford, Gelbvieh, Red Angus, Simmental, Club Calf, Ayrshire, Brown Swiss, Guernesey","robots":{"index":"index","follow":"follow","max-snippet":"max-snippet:-1","max-image-preview":"max-image-preview:large","max-video-preview":"max-video-preview:-1"},"canonical":"https:\/\/store-dev.absglobal.com\/ca\/page-daccueil\/","og_locale":"en_US","og_type":"article","og_title":"Acheter de la semence de taureau - Catalogue de recherche de taureaux | ABS Global Canada","og_description":"Acheter du sperme de boeuf, du sperme de lait. Angus, Brangus, Charolais, Hereford, Gelbvieh, Red Angus, Simmental, Club Calf, Ayrshire, Brown Swiss, Guernesey","og_url":"https:\/\/store-dev.absglobal.com\/ca\/page-daccueil\/","og_site_name":"ABS Global Store Canada","article_modified_time":"2023-10-29T10:57:32+00:00","twitter_card":"summary_large_image","schema":{"@context":"https:\/\/schema.org","@graph":[{"@type":"WebPage","@id":"https:\/\/store-dev.absglobal.com\/ca\/page-daccueil\/","url":"https:\/\/store-dev.absglobal.com\/ca\/page-daccueil\/","name":"Acheter de la semence de taureau - Catalogue de recherche de taureaux | ABS Global Canada","isPartOf":{"@id":"https:\/\/store-dev.absglobal.com\/ca\/#website"},"datePublished":"2022-06-13T13:36:54+00:00","dateModified":"2023-10-29T10:57:32+00:00","description":"Acheter du sperme de boeuf, du sperme de lait. Angus, Brangus, Charolais, Hereford, Gelbvieh, Red Angus, Simmental, Club Calf, Ayrshire, Brown Swiss, Guernesey","breadcrumb":{"@id":"https:\/\/store-dev.absglobal.com\/ca\/page-daccueil\/#breadcrumb"},"inLanguage":"en-US","potentialAction":[{"@type":"ReadAction","target":["https:\/\/store-dev.absglobal.com\/ca\/page-daccueil\/"]}]},{"@type":"BreadcrumbList","@id":"https:\/\/store-dev.absglobal.com\/ca\/page-daccueil\/#breadcrumb","itemListElement":[{"@type":"ListItem","position":1,"name":"Home","item":"https:\/\/store-dev.absglobal.com\/ca\/"},{"@type":"ListItem","position":2,"name":"Bienvenue"}]},{"@type":"WebSite","@id":"https:\/\/store-dev.absglobal.com\/ca\/#website","url":"https:\/\/store-dev.absglobal.com\/ca\/","name":"ABS Global Store Canada","description":"ABS Global Canada","potentialAction":[{"@type":"SearchAction","target":{"@type":"EntryPoint","urlTemplate":"https:\/\/store-dev.absglobal.com\/ca\/?s={search_term_string}"},"query-input":{"@type":"PropertyValueSpecification","valueRequired":true,"valueName":"search_term_string"}}],"inLanguage":"en-US"}]}},"lang":"fr","translations":{"fr":41239,"en":9880},"jetpack_sharing_enabled":true,"pll_sync_post":[],"_links":{"self":[{"href":"https:\/\/store-dev.absglobal.com\/ca\/wp-json\/wp\/v2\/pages\/41239"}],"collection":[{"href":"https:\/\/store-dev.absglobal.com\/ca\/wp-json\/wp\/v2\/pages"}],"about":[{"href":"https:\/\/store-dev.absglobal.com\/ca\/wp-json\/wp\/v2\/types\/page"}],"author":[{"embeddable":true,"href":"https:\/\/store-dev.absglobal.com\/ca\/wp-json\/wp\/v2\/users\/6"}],"replies":[{"embeddable":true,"href":"https:\/\/store-dev.absglobal.com\/ca\/wp-json\/wp\/v2\/comments?post=41239"}],"version-history":[{"count":41,"href":"https:\/\/store-dev.absglobal.com\/ca\/wp-json\/wp\/v2\/pages\/41239\/revisions"}],"predecessor-version":[{"id":48939,"href":"https:\/\/store-dev.absglobal.com\/ca\/wp-json\/wp\/v2\/pages\/41239\/revisions\/48939"}],"wp:attachment":[{"href":"https:\/\/store-dev.absglobal.com\/ca\/wp-json\/wp\/v2\/media?parent=41239"}],"curies":[{"name":"wp","href":"https:\/\/api.w.org\/{rel}","templated":true}]}}